{"id":79,"date":"2019-05-23T17:40:00","date_gmt":"2019-05-23T15:40:00","guid":{"rendered":"http:\/\/81.248.26.253:83\/wordpress\/?page_id=79"},"modified":"2020-11-12T16:47:02","modified_gmt":"2020-11-12T20:47:02","slug":"hebergement-despace-de-travail-windows","status":"publish","type":"page","link":"https:\/\/vannsconcept.fr\/index.php\/hebergement-despace-de-travail-windows\/","title":{"rendered":"H\u00e9bergement d&#8217;espace de travail (Windows)"},"content":{"rendered":"\n<p>Travaillez \u00e0 distance sur un espace s\u00e9curis\u00e9 o\u00f9 que vous soyez ! <\/p>\n","protected":false},"excerpt":{"rendered":"<p>Travaillez \u00e0 distance sur un espace s\u00e9curis\u00e9 o\u00f9 que vous soyez !<\/p>\n","protected":false},"author":1,"featured_media":105,"parent":0,"menu_order":0,"comment_status":"closed","ping_status":"closed","template":"","meta":[],"yoast_head":"<!-- This site is optimized with the Yoast SEO plugin v18.5.1 - https:\/\/yoast.com\/wordpress\/plugins\/seo\/ -->\n<title>H\u00e9bergement d&#039;espace de travail (Windows) - Vanns Concept<\/title>\n<meta name=\"robots\" content=\"index, follow, max-snippet:-1, max-image-preview:large, max-video-preview:-1\" \/>\n<link rel=\"canonical\" href=\"https:\/\/vannsconcept.fr\/index.php\/hebergement-despace-de-travail-windows\/\" \/>\n<meta property=\"og:locale\" content=\"fr_FR\" \/>\n<meta property=\"og:type\" content=\"article\" \/>\n<meta property=\"og:title\" content=\"H\u00e9bergement d&#039;espace de travail (Windows) - Vanns Concept\" \/>\n<meta property=\"og:description\" content=\"Travaillez \u00e0 distance sur un espace s\u00e9curis\u00e9 o\u00f9 que vous soyez !\" \/>\n<meta property=\"og:url\" content=\"https:\/\/vannsconcept.fr\/index.php\/hebergement-despace-de-travail-windows\/\" \/>\n<meta property=\"og:site_name\" content=\"Vanns Concept\" \/>\n<meta property=\"article:publisher\" content=\"https:\/\/www.facebook.com\/evanns971\" \/>\n<meta property=\"article:modified_time\" content=\"2020-11-12T20:47:02+00:00\" \/>\n<meta property=\"og:image\" content=\"https:\/\/vannsconcept.fr\/wp-content\/uploads\/2019\/05\/home-office-1867761_1920.jpg\" \/>\n\t<meta property=\"og:image:width\" content=\"1920\" \/>\n\t<meta property=\"og:image:height\" content=\"1281\" \/>\n\t<meta property=\"og:image:type\" content=\"image\/jpeg\" \/>\n<meta name=\"twitter:card\" content=\"summary_large_image\" \/>\n<script type=\"application\/ld+json\" class=\"yoast-schema-graph\">{\"@context\":\"https:\/\/schema.org\",\"@graph\":[{\"@type\":\"Organization\",\"@id\":\"https:\/\/vannsconcept.fr\/#organization\",\"name\":\"Vanns Concept\",\"url\":\"https:\/\/vannsconcept.fr\/\",\"sameAs\":[\"https:\/\/www.facebook.com\/evanns971\"],\"logo\":{\"@type\":\"ImageObject\",\"@id\":\"https:\/\/vannsconcept.fr\/#logo\",\"inLanguage\":\"fr-FR\",\"url\":\"https:\/\/vannsconcept.fr\/wp-content\/uploads\/2019\/05\/Logo-VannsConcept-2.png\",\"contentUrl\":\"https:\/\/vannsconcept.fr\/wp-content\/uploads\/2019\/05\/Logo-VannsConcept-2.png\",\"width\":1003,\"height\":540,\"caption\":\"Vanns Concept\"},\"image\":{\"@id\":\"https:\/\/vannsconcept.fr\/#logo\"}},{\"@type\":\"WebSite\",\"@id\":\"https:\/\/vannsconcept.fr\/#website\",\"url\":\"https:\/\/vannsconcept.fr\/\",\"name\":\"Vanns Concept Informatique\",\"description\":\"&quot;Free Technology&quot; (Gwadloup)\",\"publisher\":{\"@id\":\"https:\/\/vannsconcept.fr\/#organization\"},\"potentialAction\":[{\"@type\":\"SearchAction\",\"target\":{\"@type\":\"EntryPoint\",\"urlTemplate\":\"https:\/\/vannsconcept.fr\/?s={search_term_string}\"},\"query-input\":\"required name=search_term_string\"}],\"inLanguage\":\"fr-FR\"},{\"@type\":\"ImageObject\",\"@id\":\"https:\/\/vannsconcept.fr\/index.php\/hebergement-despace-de-travail-windows\/#primaryimage\",\"inLanguage\":\"fr-FR\",\"url\":\"https:\/\/vannsconcept.fr\/wp-content\/uploads\/2019\/05\/home-office-1867761_1920.jpg\",\"contentUrl\":\"https:\/\/vannsconcept.fr\/wp-content\/uploads\/2019\/05\/home-office-1867761_1920.jpg\",\"width\":1920,\"height\":1281},{\"@type\":\"WebPage\",\"@id\":\"https:\/\/vannsconcept.fr\/index.php\/hebergement-despace-de-travail-windows\/#webpage\",\"url\":\"https:\/\/vannsconcept.fr\/index.php\/hebergement-despace-de-travail-windows\/\",\"name\":\"H\u00e9bergement d'espace de travail (Windows) - Vanns Concept\",\"isPartOf\":{\"@id\":\"https:\/\/vannsconcept.fr\/#website\"},\"primaryImageOfPage\":{\"@id\":\"https:\/\/vannsconcept.fr\/index.php\/hebergement-despace-de-travail-windows\/#primaryimage\"},\"datePublished\":\"2019-05-23T15:40:00+00:00\",\"dateModified\":\"2020-11-12T20:47:02+00:00\",\"breadcrumb\":{\"@id\":\"https:\/\/vannsconcept.fr\/index.php\/hebergement-despace-de-travail-windows\/#breadcrumb\"},\"inLanguage\":\"fr-FR\",\"potentialAction\":[{\"@type\":\"ReadAction\",\"target\":[\"https:\/\/vannsconcept.fr\/index.php\/hebergement-despace-de-travail-windows\/\"]}]},{\"@type\":\"BreadcrumbList\",\"@id\":\"https:\/\/vannsconcept.fr\/index.php\/hebergement-despace-de-travail-windows\/#breadcrumb\",\"itemListElement\":[{\"@type\":\"ListItem\",\"position\":1,\"name\":\"Accueil\",\"item\":\"https:\/\/vannsconcept.fr\/\"},{\"@type\":\"ListItem\",\"position\":2,\"name\":\"H\u00e9bergement d&#8217;espace de travail (Windows)\"}]}]}<\/script>\n<!-- \/ Yoast SEO plugin. -->","yoast_head_json":{"title":"H\u00e9bergement d'espace de travail (Windows) - Vanns Concept","robots":{"index":"index","follow":"follow","max-snippet":"max-snippet:-1","max-image-preview":"max-image-preview:large","max-video-preview":"max-video-preview:-1"},"canonical":"https:\/\/vannsconcept.fr\/index.php\/hebergement-despace-de-travail-windows\/","og_locale":"fr_FR","og_type":"article","og_title":"H\u00e9bergement d'espace de travail (Windows) - Vanns Concept","og_description":"Travaillez \u00e0 distance sur un espace s\u00e9curis\u00e9 o\u00f9 que vous soyez !","og_url":"https:\/\/vannsconcept.fr\/index.php\/hebergement-despace-de-travail-windows\/","og_site_name":"Vanns Concept","article_publisher":"https:\/\/www.facebook.com\/evanns971","article_modified_time":"2020-11-12T20:47:02+00:00","og_image":[{"width":1920,"height":1281,"url":"https:\/\/vannsconcept.fr\/wp-content\/uploads\/2019\/05\/home-office-1867761_1920.jpg","type":"image\/jpeg"}],"twitter_card":"summary_large_image","schema":{"@context":"https:\/\/schema.org","@graph":[{"@type":"Organization","@id":"https:\/\/vannsconcept.fr\/#organization","name":"Vanns Concept","url":"https:\/\/vannsconcept.fr\/","sameAs":["https:\/\/www.facebook.com\/evanns971"],"logo":{"@type":"ImageObject","@id":"https:\/\/vannsconcept.fr\/#logo","inLanguage":"fr-FR","url":"https:\/\/vannsconcept.fr\/wp-content\/uploads\/2019\/05\/Logo-VannsConcept-2.png","contentUrl":"https:\/\/vannsconcept.fr\/wp-content\/uploads\/2019\/05\/Logo-VannsConcept-2.png","width":1003,"height":540,"caption":"Vanns Concept"},"image":{"@id":"https:\/\/vannsconcept.fr\/#logo"}},{"@type":"WebSite","@id":"https:\/\/vannsconcept.fr\/#website","url":"https:\/\/vannsconcept.fr\/","name":"Vanns Concept Informatique","description":"&quot;Free Technology&quot; (Gwadloup)","publisher":{"@id":"https:\/\/vannsconcept.fr\/#organization"},"potentialAction":[{"@type":"SearchAction","target":{"@type":"EntryPoint","urlTemplate":"https:\/\/vannsconcept.fr\/?s={search_term_string}"},"query-input":"required name=search_term_string"}],"inLanguage":"fr-FR"},{"@type":"ImageObject","@id":"https:\/\/vannsconcept.fr\/index.php\/hebergement-despace-de-travail-windows\/#primaryimage","inLanguage":"fr-FR","url":"https:\/\/vannsconcept.fr\/wp-content\/uploads\/2019\/05\/home-office-1867761_1920.jpg","contentUrl":"https:\/\/vannsconcept.fr\/wp-content\/uploads\/2019\/05\/home-office-1867761_1920.jpg","width":1920,"height":1281},{"@type":"WebPage","@id":"https:\/\/vannsconcept.fr\/index.php\/hebergement-despace-de-travail-windows\/#webpage","url":"https:\/\/vannsconcept.fr\/index.php\/hebergement-despace-de-travail-windows\/","name":"H\u00e9bergement d'espace de travail (Windows) - Vanns Concept","isPartOf":{"@id":"https:\/\/vannsconcept.fr\/#website"},"primaryImageOfPage":{"@id":"https:\/\/vannsconcept.fr\/index.php\/hebergement-despace-de-travail-windows\/#primaryimage"},"datePublished":"2019-05-23T15:40:00+00:00","dateModified":"2020-11-12T20:47:02+00:00","breadcrumb":{"@id":"https:\/\/vannsconcept.fr\/index.php\/hebergement-despace-de-travail-windows\/#breadcrumb"},"inLanguage":"fr-FR","potentialAction":[{"@type":"ReadAction","target":["https:\/\/vannsconcept.fr\/index.php\/hebergement-despace-de-travail-windows\/"]}]},{"@type":"BreadcrumbList","@id":"https:\/\/vannsconcept.fr\/index.php\/hebergement-despace-de-travail-windows\/#breadcrumb","itemListElement":[{"@type":"ListItem","position":1,"name":"Accueil","item":"https:\/\/vannsconcept.fr\/"},{"@type":"ListItem","position":2,"name":"H\u00e9bergement d&#8217;espace de travail (Windows)"}]}]}},"_links":{"self":[{"href":"https:\/\/vannsconcept.fr\/index.php\/wp-json\/wp\/v2\/pages\/79"}],"collection":[{"href":"https:\/\/vannsconcept.fr\/index.php\/wp-json\/wp\/v2\/pages"}],"about":[{"href":"https:\/\/vannsconcept.fr\/index.php\/wp-json\/wp\/v2\/types\/page"}],"author":[{"embeddable":true,"href":"https:\/\/vannsconcept.fr\/index.php\/wp-json\/wp\/v2\/users\/1"}],"replies":[{"embeddable":true,"href":"https:\/\/vannsconcept.fr\/index.php\/wp-json\/wp\/v2\/comments?post=79"}],"version-history":[{"count":2,"href":"https:\/\/vannsconcept.fr\/index.php\/wp-json\/wp\/v2\/pages\/79\/revisions"}],"predecessor-version":[{"id":94,"href":"https:\/\/vannsconcept.fr\/index.php\/wp-json\/wp\/v2\/pages\/79\/revisions\/94"}],"wp:featuredmedia":[{"embeddable":true,"href":"https:\/\/vannsconcept.fr\/index.php\/wp-json\/wp\/v2\/media\/105"}],"wp:attachment":[{"href":"https:\/\/vannsconcept.fr\/index.php\/wp-json\/wp\/v2\/media?parent=79"}],"curies":[{"name":"wp","href":"https:\/\/api.w.org\/{rel}","templated":true}]}}