{"id":329,"date":"2020-09-04T11:37:29","date_gmt":"2020-09-04T15:37:29","guid":{"rendered":"https:\/\/vannsconcept.fr\/?page_id=329"},"modified":"2020-12-17T10:47:37","modified_gmt":"2020-12-17T14:47:37","slug":"nos-formules-dolibarr-par-vanns-concept","status":"publish","type":"page","link":"https:\/\/vannsconcept.fr\/index.php\/nos-formules-dolibarr-par-vanns-concept\/","title":{"rendered":"Nos formules Dolibarr par Vanns Concept"},"content":{"rendered":"\n<p>Nous vous proposons ici 2 formules au choix. Bien entendu, nous pouvons adapter votre logiciel de Gestion <strong>Dolibarr<\/strong> en fonction de vos besoins et de votre activit\u00e9 professionnelle. Donc n&#8217;h\u00e9sitez pas \u00e0 entrer en <a href=\"https:\/\/vannsconcept.fr\/index.php\/contactez-nous\/\">contact<\/a> avec nous pour plus d&#8217;informations.<\/p>\n\n\n\n<figure class=\"wp-block-image size-large\"><img loading=\"lazy\" width=\"1024\" height=\"295\" src=\"http:\/\/vannsconcept.fr\/wp-content\/uploads\/2020\/12\/logo_dolibarr-1024x295.jpg\" alt=\"\" class=\"wp-image-459\" srcset=\"https:\/\/vannsconcept.fr\/wp-content\/uploads\/2020\/12\/logo_dolibarr-1024x295.jpg 1024w, https:\/\/vannsconcept.fr\/wp-content\/uploads\/2020\/12\/logo_dolibarr-300x86.jpg 300w, https:\/\/vannsconcept.fr\/wp-content\/uploads\/2020\/12\/logo_dolibarr-768x221.jpg 768w, https:\/\/vannsconcept.fr\/wp-content\/uploads\/2020\/12\/logo_dolibarr-600x173.jpg 600w, https:\/\/vannsconcept.fr\/wp-content\/uploads\/2020\/12\/logo_dolibarr.jpg 1320w\" sizes=\"(max-width: 1024px) 100vw, 1024px\" \/><\/figure>\n\n\n\n<p class=\"has-medium-font-size\"><strong>Choisissez votre formule :<\/strong><\/p>\n\n\n<div class=\"ptsTableFrontedShell\">\r\n\t<!-- Style to display all tables correct-->\r\n\t<!-- this block will be remove in frontend.tables.editor.block.base after init -->\r\n\t<div class=\"ptsPreDisplayStyle\">\r\n\t\t<style>\r\n\t\t\t.ptsBlock {\r\n\t\t\t\topacity: 0;\r\n\t\t\t\tvisibility: hidden;\r\n\t\t\t}\r\n\t\t<\/style>\r\n\t<\/div>\r\n\t<div id=\"ptsBlock_360724\" data-original-id=\"6\" class=\"ptsBlock \" data-id=\"11\">\n\t\t\t<style type=\"text\/css\" class=\"ptsBlockStyle\">#ptsBlock_360724 {\t\twidth:100%;}\n#ptsBlock_360724 .ptsCol {  \t\twidth:50%;  \n  padding: 0px 2.5px;\n}\n#ptsBlock_360724 .ptsCol .ptsTableElementContent {\n  box-sizing: border-box;\n  \tborder: solid 1px#f5f5f5;\n    border-bottom: solid 2px#f0f0f0;\n    border-top-width: 2px;\n  \tbackground-color:#fff;\n\n}\n#ptsBlock_360724 .ptsColHeader {\n\tpadding: 15px;\n  \tfont-size: 24px;\n  \tfont-weight: bold;\n  \tpadding-top: 21px;\n}\n#ptsBlock_360724 .ptsCol .ptsColDesc {\n  \tfont-size: 24px;\n  \tpadding-top: 6px;\n}\n#ptsBlock_360724 .ptsCol .ptsRows {\n    padding-top: 30px;\n  \tpadding-bottom: 16px;\n}\n#ptsBlock_360724 .ptsCol .ptsRows .ptsCell {\n\tpadding: 7px 12px;\n}\n#ptsBlock_360724 .ptsCol .ptsColFooter {\n\tpadding: 20px;\n  \tborder: 1px solid#dcdcdc;\n  \tbackground-image: linear-gradient(to bottom,#ffffff,#ebebeb);\n}\n#ptsBlock_360724 .ptsCol .ptsActBtn {\n  \tborder-radius: 3px;\n  \tcursor: pointer;\n  \tmargin-bottom: 17px;\n}\n#ptsBlock_360724 .ptsCol .ptsActBt:hover {\n\tbackground-color:#ffffff;\n}\n#ptsBlock_360724 .ptsCol .ptsActBtn .ptsEditArea {\n  \twidth: 100%;\n  \tpadding: 6px 16px;\n  \ttext-decoration: none !important;\n  \tborder: none !important;\n}\n#ptsBlock_360724 .ptsTableDescCol {}\n\n\n#ptsBlock_360724 .ptsCol.ptsTableDescCol .ptsColFooter {\n\tvisibility: hidden;\n}\n#ptsBlock_360724 p {\n\tmargin: 0;\n}\n\/*Animations*\/\n#ptsBlock_360724 .ptsCol .ptsTableElementContent,\n#ptsBlock_360724 .ptsCol .ptsTableElementContent span {\n\ttransition: all 0.3s ease;\n  \t-webkit-transition: all 0.3s ease;\n    -moz-transition: all 0.3s ease;\n    -ms-transition: all 0.3s ease;\n    -o-transition: all 0.3s ease;\n}\n#ptsBlock_360724 .ptsCol.hover .ptsTableElementContent {\n\tz-index: 101;\n  \tbox-shadow: 0 0 10px rgba(0, 0, 0, 0.5);\n  \t-webkit-box-shadow: 0 0 10px rgba(0, 0, 0, 0.5);\n\t-moz-box-shadow: 0 0 10px rgba(0, 0, 0, 0.5);\n\tmargin-top: -20px;\n}\n#ptsBlock_360724 .ptsCol .ptsActBtn a {\n\tfont-size: 14px;\n}\n\/*Colors set*\/\n#ptsBlock_360724 .ptsCol .ptsColHeader {\n  \tcolor:#27AE60;\n}\n#ptsBlock_360724 .ptsCol .ptsColDesc {\n  \tcolor:#505055;\n}\n#ptsBlock_360724 .ptsCol .ptsRows {\n  \tcolor:#505050;\n}<\/style>\n\t\t\t\t<div class=\"ptsBlockContent\"><div class=\"ptsContainer\">\n\t<div class=\"ptsColsWrapper ui-sortable\">\n\t\t\t\t<div class=\"ptsEl ptsCol ptsCol-0 ptsElWithArea ptsTableDescCol\" data-el=\"table_col_desc\" style=\"min-height: auto; width: 50%;\" data-badge-badge_name=\"Offre\" data-badge-badge_bg_color=\"rgba(245,25,25,1)\" data-badge-badge_txt_color=\"rgba(255,255,255,1)\" data-badge-badge_pos=\"top\" data-enb-badge=\"1\">\n\t\t\t<div class=\"ptsTableElementContent ptsElArea\">\n\t\t\t\t<div class=\"ptsColHeader\" style=\"height: 87px;\">\n\t\t\t\t\t<div class=\"ptsEl\" data-el=\"table_cell_txt\" data-type=\"txt\" style=\"\"><p><br><\/p><p><strong><span style=\"font-size: 24px; color: #0456dc;\" data-mce-style=\"font-size: 24px; color: #0456dc;\">Dolibarr <span style=\"color: rgb(4, 86, 220);\" data-mce-style=\"color: #0456dc;\">Basic<\/span><\/span><\/strong><\/p><\/div>\n\t\t\t\t<\/div>\n\t\t\t\t<div class=\"ptsColDesc\" style=\"height: 39px;\">\n\t\t\t\t\t<div class=\"ptsEl\" data-el=\"table_cell_txt\" data-type=\"txt\" style=\"\"><p><span style=\"font-size: 18pt;\" data-mce-style=\"font-size: 18pt;\">39 \u20ac \/ Mois \/ Utilisateur<\/span><\/p><\/div>\n\t\t\t\t<\/div>\n\t\t\t\t<div class=\"ptsRows ui-sortable\" style=\"height: auto;\">\n\t\t\t\t\t<div class=\"ptsCell\" style=\"height: 36px; position: relative; top: 0px; left: 0px;\">\n\n\t\t\t\t\t\n\t<div class=\"ptsTog\">\n\t\t\n\t<\/div>\n\n\t\t\t\t\t\t<div class=\"ptsEl\" data-el=\"table_cell_txt\" data-type=\"txt\" style=\"\"><p><strong><span style=\"font-size: 12pt; color: #2258e2;\" data-mce-style=\"font-size: 12pt; color: #2258e2;\">Modules activ\u00e9s<\/span><\/strong><\/p><\/div>\n\t\t\t\t\t<\/div><div class=\"ptsCell\" style=\"height: 34px;\">\n\t<div class=\"ptsTog\">\n\t\t<div class=\"ptsEl\" data-el=\"table_cell_txt\" data-type=\"txt\" style=\"\"><p><br><\/p><\/div>\n\t<\/div>\n<\/div>\n\t\t\t\t\t\n\t\t\t\t\t<div class=\"ptsCell\" style=\"height: 36px;\">\n\t\t\t\t\t\t<div class=\"ptsEl\" data-el=\"table_cell_txt\" data-type=\"txt\" style=\"\"><p><span style=\"font-size: 16px;\" data-mce-style=\"font-size: 16px;\">Clients \/ Tiers \/ Prospects \/ Fournisseurs<\/span><\/p><\/div>\n\t\t\t\t\t<\/div>\n\t\t\t\t\t<div class=\"ptsCell\" style=\"height: 36px; position: relative; top: 0px; left: 0px;\">\n\t\t\t\t\t\t<div class=\"ptsEl\" data-el=\"table_cell_txt\" data-type=\"txt\" style=\"\"><p><span style=\"font-size: 12pt;\" data-mce-style=\"font-size: 12pt;\">Propositions Commerciales Clients \/ Fournisseurs<\/span><\/p><\/div>\n\t\t\t\t\t<\/div><div class=\"ptsCell\" style=\"height: 36px;\">\n\t\t\t\t\t\t<div class=\"ptsEl\" data-el=\"table_cell_txt\" data-type=\"txt\" style=\"\"><p><span style=\"font-size: 12pt;\" data-mce-style=\"font-size: 12pt;\">Gestion des stocks \/ Num\u00e9ros de s\u00e9rie<\/span><\/p><\/div>\n\t\t\t\t\t<\/div>\n\t\t\t\t\t<div class=\"ptsCell\" style=\"height: 36px;\">\n\t\t\t\t\t\t<div class=\"ptsEl\" data-el=\"table_cell_txt\" data-type=\"txt\" style=\"\"><p><span style=\"font-size: 12pt;\" data-mce-style=\"font-size: 12pt;\">Factures et Avoirs \/ Banques et Caisses<\/span><\/p><\/div>\n\t\t\t\t\t<\/div>\n\t\t\t\t\t<div class=\"ptsCell\" style=\"height: 36px;\">\n\t\t\t\t\t\t<div class=\"ptsEl\" data-el=\"table_cell_txt\" data-type=\"txt\" style=\"\"><p><span style=\"font-size: 12pt;\" data-mce-style=\"font-size: 12pt;\">Envoi de documents par email<\/span><\/p><\/div>\n\t\t\t\t\t<\/div>\n\t\t\t\t\t<div class=\"ptsCell\" style=\"height: 36px;\">\n\t\t\t\t\t\t<div class=\"ptsEl\" data-el=\"table_cell_txt\" data-type=\"txt\" style=\"\"><p><span style=\"font-size: 12pt;\" data-mce-style=\"font-size: 12pt;\">Agenda et Ev\u00e8nement \/ Marge<\/span><\/p><\/div>\n\t\t\t\t\t<\/div><div class=\"ptsCell\" style=\"height: 36px;\">\n\t\t\t\t\t\t<div class=\"ptsEl\" data-el=\"table_cell_txt\" data-type=\"txt\" style=\"\"><p><span style=\"font-size: 12pt;\" data-mce-style=\"font-size: 12pt;\">Comptabilit\u00e9 (Simplifi\u00e9)<\/span><\/p><\/div>\n\t\t\t\t\t<\/div>\n\t\t\t\t\t<div class=\"ptsCell\" style=\"height: 36px;\">\n\t\t\t\t\t\t<div class=\"ptsEl\" data-el=\"table_cell_txt\" data-type=\"txt\" style=\"\"><p><span style=\"font-size: 12pt;\" data-mce-style=\"font-size: 12pt;\">Espace de stockage : 5 Go (Pour plus d'espace, contactez-nous...)<\/span><\/p><\/div>\n\t\t\t\t\t<\/div><div class=\"ptsCell\" style=\"height: 36px;\">\n\t\t\t\t\t\t<div class=\"ptsEl\" data-el=\"table_cell_txt\" data-type=\"txt\" style=\"\"><p><span style=\"font-size: 16px;\" data-mce-style=\"font-size: 16px;\">H\u00e9bergement : Datacenter Guadeloupe<\/span><\/p><\/div>\n\t\t\t\t\t<\/div><div class=\"ptsCell\" style=\"height: 39px;\">\n\t\t\t\t\t\t<div class=\"ptsEl\" data-el=\"table_cell_txt\" data-type=\"txt\" style=\"\"><p><a href=\"https:\/\/vannsconcept.fr\/index.php\/dolibar-vanns-concept-basic\/\" data-mce-href=\"https:\/\/vannsconcept.fr\/index.php\/dolibar-vanns-concept-basic\/\"><span style=\"font-size: 14pt;\" data-mce-style=\"font-size: 14pt;\"><span style=\"color: #0e51c0;\" data-mce-style=\"color: #0e51c0;\">Je choisis cette <\/span><span style=\"color: #0e51c0;\" data-mce-style=\"color: #0e51c0;\">formule<\/span><\/span><\/a><\/p><\/div>\n\t\t\t\t\t<\/div>\n\t\t\t\t<\/div>\n\t\t\t<div class=\"ptsColBadge ptsColBadge-top\" style=\"\"><div class=\"ptsColBadgeContent\" style=\"background-color: rgb(245, 25, 25); color: rgb(255, 255, 255); width: 56px; display: block; font-size: 15px; line-height: normal;\">Offre<\/div><\/div><\/div>\n\t\t<\/div>\n\t\t\t\t<div class=\"ptsEl ptsCol ptsElWithArea ptsCol-1\" data-el=\"table_col\" style=\"min-height: auto; width: 50%;\" data-badge-badge_name=\"Offre personnalis\u00e9e \" data-badge-badge_bg_color=\"rgba(245,25,25,1)\" data-badge-badge_txt_color=\"rgba(255,255,255,1)\" data-badge-badge_pos=\"top\" data-enb-badge=\"1\">\n\t\t\t<div class=\"ptsTableElementContent ptsElArea\">\n\t\t\t\t<div class=\"ptsColHeader ptsToggle\" style=\"height: 87px;\">\n\t\t\t\t\t<div class=\"ptsTog\">\n\t\t\t\t\t\t<div class=\"ptsEl\" data-el=\"table_cell_txt\" data-type=\"txt\" style=\"\"><p><br><\/p><p><span style=\"font-size: 18pt; color: #0456dc;\" data-mce-style=\"font-size: 18pt; color: #0456dc;\">Dolibarr Premium<\/span><\/p><\/div>\n\t\t\t\t\t<\/div>\n\t\t\t\t<\/div>\n\t\t\t\t<div class=\"ptsColDesc ptsToggle\" style=\"height: 39px;\">\n\t\t\t\t\t<div class=\"ptsTog\">\n\t\t\t\t\t\t<div class=\"ptsEl\" data-el=\"table_cell_txt\" data-type=\"txt\" style=\"\"><p><span style=\"font-size: 18pt;\" data-mce-style=\"font-size: 18pt;\">Tarif personnalisable<\/span><\/p><\/div>\n\t\t\t\t\t<\/div>\n\t\t\t\t<\/div>\n\t\t\t\t<div class=\"ptsRows ptsToggle ui-sortable\" style=\"height: auto;\">\n\t\t\t\t\t<div class=\"ptsCell\" style=\"height: 36px;\">\n\t\t\t\t\t\t<div class=\"ptsTog\">\n\t\t\t\t\t\t\t\n\t\t\t\t\t\t<\/div>\n\t\t\t\t\t\n\t\t\t\t\t\t<div class=\"ptsTog\">\n\t\t\t\t\t\t\t<div class=\"ptsEl\" data-el=\"table_cell_txt\" data-type=\"txt\" style=\"\"><p><span style=\"color: rgb(34, 88, 226);\" data-mce-style=\"color: #2258e2;\"><strong><span style=\"font-size: 12pt;\" data-mce-style=\"font-size: 12pt;\">Modules activ\u00e9s<\/span><\/strong><\/span><\/p><\/div>\n\t\t\t\t\t\t<\/div>\n\t\t\t\t\t<\/div>\n\t\t\t\t\t<div class=\"ptsCell\" style=\"height: 34px;\">\n\t\t\t\t\t\t<div class=\"ptsTog\">\n\t\t\t\t\t\t\t<div class=\"ptsEl\" data-el=\"table_cell_txt\" data-type=\"txt\" style=\"\"><p><br><\/p><\/div>\n\t\t\t\t\t\t<\/div>\n\t\t\t\t\t<\/div>\n\t\t\t\t\t<div class=\"ptsCell\" style=\"height: 36px;\">\n\t\t\t\t\t\t<div class=\"ptsTog\">\n\t\t\t\t\t\t\t<div class=\"ptsEl\" data-el=\"table_cell_txt\" data-type=\"txt\" style=\"\"><p><span style=\"font-size: 12pt; color: rgb(226, 47, 47);\" data-mce-style=\"font-size: 12pt; color: #e22f2f;\">Les modules de la formule Basic sont activ\u00e9s<\/span><\/p><\/div>\n\t\t\t\t\t\t<\/div>\n\t\t\t\t\t<\/div><div class=\"ptsCell\" style=\"height: 36px;\">\n\t<div class=\"ptsTog\">\n\t\t<div class=\"ptsEl\" data-el=\"table_cell_txt\" data-type=\"txt\" style=\"\"><p><span style=\"font-size: 12pt;\" data-mce-style=\"font-size: 12pt;\">Projets ou opportunit\u00e9s<\/span><\/p><\/div>\n\t<\/div>\n<\/div>\n\t\t\t\t\t<div class=\"ptsCell\" style=\"height: 36px;\">\n\t\t\t\t\t\t<div class=\"ptsTog\">\n\t\t\t\t\t\t\t<div class=\"ptsEl\" data-el=\"table_cell_txt\" data-type=\"txt\" style=\"\"><p><span style=\"font-size: 12pt;\" data-mce-style=\"font-size: 12pt;\">Activation de site externe<\/span><\/p><\/div>\n\t\t\t\t\t\t<\/div>\n\t\t\t\t\t<\/div>\n\t\t\t\t\t<div class=\"ptsCell\" style=\"height: 36px;\">\n\t\t\t\t\t\t<div class=\"ptsTog\">\n\t\t\t\t\t\t\t<div class=\"ptsEl\" data-el=\"table_cell_txt\" data-type=\"txt\" style=\"\"><p><span style=\"font-size: 12pt;\" data-mce-style=\"font-size: 12pt;\">Gestion des Produits \/ Services<\/span><\/p><\/div>\n\t\t\t\t\t\t<\/div>\n\t\t\t\t\t<\/div>\n\t\t\t\t\t<div class=\"ptsCell\" style=\"height: 36px;\">\n\t\t\t\t\t\t<div class=\"ptsTog\">\n\t\t\t\t\t\t\t<div class=\"ptsEl\" data-el=\"table_cell_txt\" data-type=\"txt\" style=\"\"><p><span style=\"font-size: 12pt;\" data-mce-style=\"font-size: 12pt;\">Gestion des interventions chez les tiers<\/span><\/p><\/div>\n\t\t\t\t\t\t<\/div>\n\t\t\t\t\t<\/div>\n\t\t\t\t\t<div class=\"ptsCell\" style=\"height: 36px;\">\n\t\t\t\t\t\t<div class=\"ptsTog\">\n\t\t\t\t\t\t\t<div class=\"ptsEl\" data-el=\"table_cell_txt\" data-type=\"txt\" style=\"\"><p><span style=\"font-size: 12pt;\" data-mce-style=\"font-size: 12pt;\">Gestion \u00e9lectronique de documents<\/span><\/p><\/div>\n\t\t\t\t\t\t<\/div>\n\t\t\t\t\t<\/div><div class=\"ptsCell\" style=\"height: 36px;\">\n\t\t\t\t\t\t<div class=\"ptsTog\">\n\t\t\t\t\t\t\t<div class=\"ptsEl\" data-el=\"table_cell_txt\" data-type=\"txt\" style=\"\"><p><span style=\"font-size: 12pt;\" data-mce-style=\"font-size: 12pt;\">Comptabilit\u00e9 (G\u00e9n\u00e9rale et Auxillaire)<\/span><\/p><\/div>\n\t\t\t\t\t\t<\/div>\n\t\t\t\t\t<\/div>\n\t\t\t\t\t<div class=\"ptsCell\" style=\"height: 36px;\">\n\t\t\t\t\t\t<div class=\"ptsTog\">\n\t\t\t\t\t\t\t<div class=\"ptsEl\" data-el=\"table_cell_txt\" data-type=\"txt\" style=\"\"><p><span style=\"font-size: 16px; text-align: center;\" data-mce-style=\"font-size: 16px; text-align: center;\">Espace de stockage : 15 Go (Pour plus d'espace, contactez-nous...)<\/span><br><\/p><\/div>\n\t\t\t\t\t\t<\/div>\n\t\t\t\t\t<\/div><div class=\"ptsCell\" style=\"height: 36px;\">\n\t\t\t\t\t\t<div class=\"ptsTog\">\n\t\t\t\t\t\t\t<div class=\"ptsEl\" data-el=\"table_cell_txt\" data-type=\"txt\" style=\"\"><p><span style=\"font-size: 16px; text-align: center;\" data-mce-style=\"font-size: 16px; text-align: center;\">H\u00e9bergement : Datacenter Guadeloupe<\/span><br><\/p><\/div>\n\t\t\t\t\t\t<\/div>\n\t\t\t\t\t<\/div><div class=\"ptsCell\" style=\"height: 39px;\">\n\t\t\t\t\t\t<div class=\"ptsTog\">\n\t\t\t\t\t\t\t<div class=\"ptsEl\" data-el=\"table_cell_txt\" data-type=\"txt\" style=\"\"><p><a href=\"https:\/\/vannsconcept.fr\/index.php\/contactez-nous\/\" data-mce-href=\"https:\/\/vannsconcept.fr\/index.php\/contactez-nous\/\"><span style=\"text-align: center; font-size: 18.6667px; color: #0e51c0;\" data-mce-style=\"text-align: center; font-size: 18.6667px; color: #0e51c0;\">Je choisis cette&nbsp;<\/span><span style=\"text-align: center; font-size: 18.6667px; color: #0e51c0;\" data-mce-style=\"text-align: center; font-size: 18.6667px; color: #0e51c0;\">formule<\/span><\/a><br><\/p><\/div>\n\t\t\t\t\t\t<\/div>\n\t\t\t\t\t<\/div>\n\t\t\t\t<\/div>\n\t\t\t<div class=\"ptsColBadge ptsColBadge-top\" style=\"\"><div class=\"ptsColBadgeContent\" style=\"background-color: rgb(245, 25, 25); color: rgb(255, 255, 255); width: 159px; display: block; font-size: 15px; line-height: normal;\">Offre personnalis\u00e9e <\/div><\/div><\/div>\n\t\t<\/div>\n\t\t\n\t\t\n\t<\/div>\n\t<div style=\"clear: both;\"><\/div>\n<\/div><\/div>\n\t\t<\/div>\n<\/div>\r\n\n\n\n\n<hr class=\"wp-block-separator\"\/>\n\n\n\n<p class=\"has-text-align-center\">Des frais suppl\u00e9mentaires seront appliqu\u00e9s pour la mise en place et la mise en service de votre ERP\/CRM Dolibarr (Param\u00e9trages de la soci\u00e9t\u00e9, des taxes, la cr\u00e9ation des utilisateurs, int\u00e9gration du logo et autres&#8230;)<\/p>\n","protected":false},"excerpt":{"rendered":"<p>Nous vous proposons ici 2 formules au choix. Bien entendu, nous pouvons adapter votre logiciel de Gestion Dolibarr en fonction de vos besoins et de votre activit\u00e9 professionnelle. Donc n&#8217;h\u00e9sitez pas \u00e0 entrer en contact avec nous pour plus d&#8217;informations. Choisissez votre formule : Des frais suppl\u00e9mentaires seront appliqu\u00e9s pour la mise en place et la mise en service de votre ERP\/CRM Dolibarr (Param\u00e9trages de la soci\u00e9t\u00e9, des taxes, la &hellip; <\/p>\n","protected":false},"author":1,"featured_media":105,"parent":0,"menu_order":0,"comment_status":"closed","ping_status":"closed","template":"","meta":[],"yoast_head":"<!-- This site is optimized with the Yoast SEO plugin v18.5.1 - https:\/\/yoast.com\/wordpress\/plugins\/seo\/ -->\n<title>Nos formules Dolibarr par Vanns Concept - Gestion ERP \/ CRM Dolibarr<\/title>\n<meta name=\"description\" content=\"Choississez la formule Dolibarr propos\u00e9e par Vanns Concept Informatique. Prenez contact avec nous pour plus de pr\u00e9cisions.\" \/>\n<meta name=\"robots\" content=\"index, follow, max-snippet:-1, max-image-preview:large, max-video-preview:-1\" \/>\n<link rel=\"canonical\" href=\"https:\/\/vannsconcept.fr\/index.php\/nos-formules-dolibarr-par-vanns-concept\/\" \/>\n<meta property=\"og:locale\" content=\"fr_FR\" \/>\n<meta property=\"og:type\" content=\"article\" \/>\n<meta property=\"og:title\" content=\"Nos formules Dolibarr par Vanns Concept - Gestion ERP \/ CRM Dolibarr\" \/>\n<meta property=\"og:description\" content=\"Choississez la formule Dolibarr propos\u00e9e par Vanns Concept Informatique. Prenez contact avec nous pour plus de pr\u00e9cisions.\" \/>\n<meta property=\"og:url\" content=\"https:\/\/vannsconcept.fr\/index.php\/nos-formules-dolibarr-par-vanns-concept\/\" \/>\n<meta property=\"og:site_name\" content=\"Vanns Concept\" \/>\n<meta property=\"article:publisher\" content=\"https:\/\/www.facebook.com\/evanns971\" \/>\n<meta property=\"article:modified_time\" content=\"2020-12-17T14:47:37+00:00\" \/>\n<meta property=\"og:image\" content=\"https:\/\/vannsconcept.fr\/wp-content\/uploads\/2019\/05\/home-office-1867761_1920.jpg\" \/>\n\t<meta property=\"og:image:width\" content=\"1920\" \/>\n\t<meta property=\"og:image:height\" content=\"1281\" \/>\n\t<meta property=\"og:image:type\" content=\"image\/jpeg\" \/>\n<meta name=\"twitter:card\" content=\"summary_large_image\" \/>\n<script type=\"application\/ld+json\" class=\"yoast-schema-graph\">{\"@context\":\"https:\/\/schema.org\",\"@graph\":[{\"@type\":\"Organization\",\"@id\":\"https:\/\/vannsconcept.fr\/#organization\",\"name\":\"Vanns Concept\",\"url\":\"https:\/\/vannsconcept.fr\/\",\"sameAs\":[\"https:\/\/www.facebook.com\/evanns971\"],\"logo\":{\"@type\":\"ImageObject\",\"@id\":\"https:\/\/vannsconcept.fr\/#logo\",\"inLanguage\":\"fr-FR\",\"url\":\"https:\/\/vannsconcept.fr\/wp-content\/uploads\/2019\/05\/Logo-VannsConcept-2.png\",\"contentUrl\":\"https:\/\/vannsconcept.fr\/wp-content\/uploads\/2019\/05\/Logo-VannsConcept-2.png\",\"width\":1003,\"height\":540,\"caption\":\"Vanns Concept\"},\"image\":{\"@id\":\"https:\/\/vannsconcept.fr\/#logo\"}},{\"@type\":\"WebSite\",\"@id\":\"https:\/\/vannsconcept.fr\/#website\",\"url\":\"https:\/\/vannsconcept.fr\/\",\"name\":\"Vanns Concept Informatique\",\"description\":\"&quot;Free Technology&quot; (Gwadloup)\",\"publisher\":{\"@id\":\"https:\/\/vannsconcept.fr\/#organization\"},\"potentialAction\":[{\"@type\":\"SearchAction\",\"target\":{\"@type\":\"EntryPoint\",\"urlTemplate\":\"https:\/\/vannsconcept.fr\/?s={search_term_string}\"},\"query-input\":\"required name=search_term_string\"}],\"inLanguage\":\"fr-FR\"},{\"@type\":\"ImageObject\",\"@id\":\"https:\/\/vannsconcept.fr\/index.php\/nos-formules-dolibarr-par-vanns-concept\/#primaryimage\",\"inLanguage\":\"fr-FR\",\"url\":\"https:\/\/vannsconcept.fr\/wp-content\/uploads\/2019\/05\/home-office-1867761_1920.jpg\",\"contentUrl\":\"https:\/\/vannsconcept.fr\/wp-content\/uploads\/2019\/05\/home-office-1867761_1920.jpg\",\"width\":1920,\"height\":1281},{\"@type\":\"WebPage\",\"@id\":\"https:\/\/vannsconcept.fr\/index.php\/nos-formules-dolibarr-par-vanns-concept\/#webpage\",\"url\":\"https:\/\/vannsconcept.fr\/index.php\/nos-formules-dolibarr-par-vanns-concept\/\",\"name\":\"Nos formules Dolibarr par Vanns Concept - Gestion ERP \/ CRM Dolibarr\",\"isPartOf\":{\"@id\":\"https:\/\/vannsconcept.fr\/#website\"},\"primaryImageOfPage\":{\"@id\":\"https:\/\/vannsconcept.fr\/index.php\/nos-formules-dolibarr-par-vanns-concept\/#primaryimage\"},\"datePublished\":\"2020-09-04T15:37:29+00:00\",\"dateModified\":\"2020-12-17T14:47:37+00:00\",\"description\":\"Choississez la formule Dolibarr propos\u00e9e par Vanns Concept Informatique. Prenez contact avec nous pour plus de pr\u00e9cisions.\",\"breadcrumb\":{\"@id\":\"https:\/\/vannsconcept.fr\/index.php\/nos-formules-dolibarr-par-vanns-concept\/#breadcrumb\"},\"inLanguage\":\"fr-FR\",\"potentialAction\":[{\"@type\":\"ReadAction\",\"target\":[\"https:\/\/vannsconcept.fr\/index.php\/nos-formules-dolibarr-par-vanns-concept\/\"]}]},{\"@type\":\"BreadcrumbList\",\"@id\":\"https:\/\/vannsconcept.fr\/index.php\/nos-formules-dolibarr-par-vanns-concept\/#breadcrumb\",\"itemListElement\":[{\"@type\":\"ListItem\",\"position\":1,\"name\":\"Accueil\",\"item\":\"https:\/\/vannsconcept.fr\/\"},{\"@type\":\"ListItem\",\"position\":2,\"name\":\"Nos formules Dolibarr par Vanns Concept\"}]}]}<\/script>\n<!-- \/ Yoast SEO plugin. -->","yoast_head_json":{"title":"Nos formules Dolibarr par Vanns Concept - Gestion ERP \/ CRM Dolibarr","description":"Choississez la formule Dolibarr propos\u00e9e par Vanns Concept Informatique. Prenez contact avec nous pour plus de pr\u00e9cisions.","robots":{"index":"index","follow":"follow","max-snippet":"max-snippet:-1","max-image-preview":"max-image-preview:large","max-video-preview":"max-video-preview:-1"},"canonical":"https:\/\/vannsconcept.fr\/index.php\/nos-formules-dolibarr-par-vanns-concept\/","og_locale":"fr_FR","og_type":"article","og_title":"Nos formules Dolibarr par Vanns Concept - Gestion ERP \/ CRM Dolibarr","og_description":"Choississez la formule Dolibarr propos\u00e9e par Vanns Concept Informatique. Prenez contact avec nous pour plus de pr\u00e9cisions.","og_url":"https:\/\/vannsconcept.fr\/index.php\/nos-formules-dolibarr-par-vanns-concept\/","og_site_name":"Vanns Concept","article_publisher":"https:\/\/www.facebook.com\/evanns971","article_modified_time":"2020-12-17T14:47:37+00:00","og_image":[{"width":1920,"height":1281,"url":"https:\/\/vannsconcept.fr\/wp-content\/uploads\/2019\/05\/home-office-1867761_1920.jpg","type":"image\/jpeg"}],"twitter_card":"summary_large_image","schema":{"@context":"https:\/\/schema.org","@graph":[{"@type":"Organization","@id":"https:\/\/vannsconcept.fr\/#organization","name":"Vanns Concept","url":"https:\/\/vannsconcept.fr\/","sameAs":["https:\/\/www.facebook.com\/evanns971"],"logo":{"@type":"ImageObject","@id":"https:\/\/vannsconcept.fr\/#logo","inLanguage":"fr-FR","url":"https:\/\/vannsconcept.fr\/wp-content\/uploads\/2019\/05\/Logo-VannsConcept-2.png","contentUrl":"https:\/\/vannsconcept.fr\/wp-content\/uploads\/2019\/05\/Logo-VannsConcept-2.png","width":1003,"height":540,"caption":"Vanns Concept"},"image":{"@id":"https:\/\/vannsconcept.fr\/#logo"}},{"@type":"WebSite","@id":"https:\/\/vannsconcept.fr\/#website","url":"https:\/\/vannsconcept.fr\/","name":"Vanns Concept Informatique","description":"&quot;Free Technology&quot; (Gwadloup)","publisher":{"@id":"https:\/\/vannsconcept.fr\/#organization"},"potentialAction":[{"@type":"SearchAction","target":{"@type":"EntryPoint","urlTemplate":"https:\/\/vannsconcept.fr\/?s={search_term_string}"},"query-input":"required name=search_term_string"}],"inLanguage":"fr-FR"},{"@type":"ImageObject","@id":"https:\/\/vannsconcept.fr\/index.php\/nos-formules-dolibarr-par-vanns-concept\/#primaryimage","inLanguage":"fr-FR","url":"https:\/\/vannsconcept.fr\/wp-content\/uploads\/2019\/05\/home-office-1867761_1920.jpg","contentUrl":"https:\/\/vannsconcept.fr\/wp-content\/uploads\/2019\/05\/home-office-1867761_1920.jpg","width":1920,"height":1281},{"@type":"WebPage","@id":"https:\/\/vannsconcept.fr\/index.php\/nos-formules-dolibarr-par-vanns-concept\/#webpage","url":"https:\/\/vannsconcept.fr\/index.php\/nos-formules-dolibarr-par-vanns-concept\/","name":"Nos formules Dolibarr par Vanns Concept - Gestion ERP \/ CRM Dolibarr","isPartOf":{"@id":"https:\/\/vannsconcept.fr\/#website"},"primaryImageOfPage":{"@id":"https:\/\/vannsconcept.fr\/index.php\/nos-formules-dolibarr-par-vanns-concept\/#primaryimage"},"datePublished":"2020-09-04T15:37:29+00:00","dateModified":"2020-12-17T14:47:37+00:00","description":"Choississez la formule Dolibarr propos\u00e9e par Vanns Concept Informatique. Prenez contact avec nous pour plus de pr\u00e9cisions.","breadcrumb":{"@id":"https:\/\/vannsconcept.fr\/index.php\/nos-formules-dolibarr-par-vanns-concept\/#breadcrumb"},"inLanguage":"fr-FR","potentialAction":[{"@type":"ReadAction","target":["https:\/\/vannsconcept.fr\/index.php\/nos-formules-dolibarr-par-vanns-concept\/"]}]},{"@type":"BreadcrumbList","@id":"https:\/\/vannsconcept.fr\/index.php\/nos-formules-dolibarr-par-vanns-concept\/#breadcrumb","itemListElement":[{"@type":"ListItem","position":1,"name":"Accueil","item":"https:\/\/vannsconcept.fr\/"},{"@type":"ListItem","position":2,"name":"Nos formules Dolibarr par Vanns Concept"}]}]}},"_links":{"self":[{"href":"https:\/\/vannsconcept.fr\/index.php\/wp-json\/wp\/v2\/pages\/329"}],"collection":[{"href":"https:\/\/vannsconcept.fr\/index.php\/wp-json\/wp\/v2\/pages"}],"about":[{"href":"https:\/\/vannsconcept.fr\/index.php\/wp-json\/wp\/v2\/types\/page"}],"author":[{"embeddable":true,"href":"https:\/\/vannsconcept.fr\/index.php\/wp-json\/wp\/v2\/users\/1"}],"replies":[{"embeddable":true,"href":"https:\/\/vannsconcept.fr\/index.php\/wp-json\/wp\/v2\/comments?post=329"}],"version-history":[{"count":7,"href":"https:\/\/vannsconcept.fr\/index.php\/wp-json\/wp\/v2\/pages\/329\/revisions"}],"predecessor-version":[{"id":560,"href":"https:\/\/vannsconcept.fr\/index.php\/wp-json\/wp\/v2\/pages\/329\/revisions\/560"}],"wp:featuredmedia":[{"embeddable":true,"href":"https:\/\/vannsconcept.fr\/index.php\/wp-json\/wp\/v2\/media\/105"}],"wp:attachment":[{"href":"https:\/\/vannsconcept.fr\/index.php\/wp-json\/wp\/v2\/media?parent=329"}],"curies":[{"name":"wp","href":"https:\/\/api.w.org\/{rel}","templated":true}]}}