{"id":275,"date":"2019-07-10T17:12:28","date_gmt":"2019-07-10T15:12:28","guid":{"rendered":"http:\/\/81.248.26.253:83\/wordpress\/?page_id=275"},"modified":"2020-12-09T15:03:32","modified_gmt":"2020-12-09T19:03:32","slug":"dolibarr-web-business-suite-erp-crm","status":"publish","type":"page","link":"https:\/\/vannsconcept.fr\/index.php\/dolibarr-web-business-suite-erp-crm\/","title":{"rendered":"Dolibarr &#8220;Web Business Suite&#8221; ERP\/CRM"},"content":{"rendered":"\n<p class=\"has-drop-cap\"><strong>Dolibarr ERP &amp; CRM<\/strong>&nbsp;est un logiciel moderne de gestion de votre activit\u00e9 professionnelle ou associative (contacts, factures, commandes, stocks, agenda, etc&#8230;).<\/p>\n\n\n\n<p> <\/p>\n\n\n\n<hr class=\"wp-block-separator\"\/>\n\n\n\n<p>C&#8217;est un<strong>&nbsp;logiciel libre et gratuit<\/strong>&nbsp;adapt\u00e9 pour les entreprises, auto-entrepreneurs ou association.<br>Vous pouvez<strong>&nbsp;l&#8217;installer et l&#8217;utiliser&nbsp;<\/strong>comme une application autonome, ou en ligne sur un serveur mutualis\u00e9 ou d\u00e9di\u00e9 afin d&#8217;y acc\u00e9der depuis n&#8217;importe o\u00f9.Dolibarr est \u00e9galement disponible comme solution pr\u00eate \u00e0 l&#8217;emploi dans des<a rel=\"noreferrer noopener\" href=\"https:\/\/saas.dolibarr.org\/\" target=\"_blank\">&nbsp;services Cloud<\/a>.  (Source : www.dolibarr.fr)<\/p>\n\n\n\n<div class=\"wp-block-image\"><figure class=\"aligncenter size-large\"><img src=\"https:\/\/vannsconcept.fr\/wp-content\/uploads\/2019\/07\/dolibarr_256x256_fr.png\" alt=\"\"\/><\/figure><\/div>\n\n\n\n<p class=\"has-text-align-center\" style=\"font-size:19px\"><strong>Demandez plus d&#8217;informations en remplissant ce<\/strong> <a href=\"https:\/\/vannsconcept.fr\/index.php\/contactez-nous\/\" data-type=\"page\" data-id=\"26\">formulaire<\/a>.<\/p>\n\n\n\n<hr class=\"wp-block-separator\"\/>\n\n\n\n<h3><strong>Qu&#8217;est-ce qu&#8217;un ERP ?<\/strong><\/h3>\n\n\n\n<p>Le terme ERP, acronyme de l\u2019anglais Enterprise Resources Planning, que l\u2019on traduit en fran\u00e7ais par Progiciel de Gestion Int\u00e9gr\u00e9 (PGI) est apparu au d\u00e9but des ann\u00e9es 90.Jusque-l\u00e0, pour la gestion de leurs organisations, les entreprises avaient plut\u00f4t recours \u00e0 des d\u00e9veloppements sur mesure. La particularit\u00e9 de l\u2019ERP est d\u2019\u00eatre&nbsp;<strong>une standardisation des processus op\u00e9rationnels de l\u2019entreprise<\/strong>. Cela permet la mutualisation des modules de gestion entre les entreprises. Les entreprises ont donc fini par passer des d\u00e9veloppements sp\u00e9cifiques \u00e0 l\u2019achat de licences.&nbsp;<strong>Les ERP sont donc des progiciels d\u00e9velopp\u00e9s de mani\u00e8re standardis\u00e9e pour plusieurs entreprises.<\/strong><\/p>\n\n\n\n<p>Un outil ERP&nbsp;<strong>int\u00e8gre l\u2019ensemble des fonctions d\u2019une entreprise<\/strong>&nbsp;comme la gestion des RH, la gestion financi\u00e8re, comptable, la vente, les achats, la distribution ou bien encore la production. (Source :  <a href=\"https:\/\/www.celge.fr\/article-conseil\/quest-ce-quun-erp#\">https:\/\/www.celge.fr\/article-conseil\/quest-ce-quun-erp#<\/a> )<\/p>\n\n\n\n<hr class=\"wp-block-separator\"\/>\n\n\n\n<h3><strong>Qu&#8217;est-ce qu&#8217;un CRM ?<\/strong><\/h3>\n\n\n\n<p>Le CRM ou gestion de la relation client (Customer Relationship Management) est une strat\u00e9gie de gestion des relations et interactions d&#8217;une entreprise avec ses clients ou clients potentiels. Un syst\u00e8me&nbsp;CRM aide les entreprises \u00e0 interagir en permanence avec les clients, \u00e0 rationaliser leurs processus et \u00e0 am\u00e9liorer leur rentabilit\u00e9<a>.<\/a>Lorsqu&#8217;ils parlent de CRM, les gens font g\u00e9n\u00e9ralement r\u00e9f\u00e9rence \u00e0 un syst\u00e8me&nbsp;CRM, outil utilis\u00e9 pour la gestion des contacts, des ventes, la productivit\u00e9 et bien plus encore. L&#8217;objectif d&#8217;un syst\u00e8me&nbsp;CRM est simple&nbsp;: am\u00e9liorer les relations commerciales. (Source :  <a href=\"https:\/\/www.salesforce.com\/fr\/learning-centre\/crm\/what-is-crm\/\">https:\/\/www.salesforce.com\/fr\/learning-centre\/crm\/what-is-crm\/<\/a> )<\/p>\n\n\n\n<hr class=\"wp-block-separator\"\/>\n\n\n\n<h3><strong>Une simplicit\u00e9 d&#8217;utilisation<\/strong><\/h3>\n\n\n\n<p><strong><span class=\"has-inline-color has-luminous-vivid-orange-color\">Dolibarr<\/span><\/strong> est un <strong>logiciel modulaire<\/strong> : Vous pouvez ainsi activer les fonctions (modules) que vous souhaitez. Autrement dit, ce logiciel peut tout autant servir de simple carnets d&#8217;adresses en ligne qu&#8217;un outil puissant de gestion. Accessible par internet, travaillez o\u00f9 que vous soyez et ce depuis votre navigateur web pr\u00e9f\u00e9r\u00e9. <\/p>\n\n\n\n<p class=\"has-medium-font-size\"><strong><span class=\"has-inline-color has-luminous-vivid-orange-color\">Les modules de Dolibarr<\/span><\/strong><\/p>\n\n\n\n<ul><li>Gestion<strong> des Ressources Humaines<\/strong> (RH)<\/li><li>La <strong>relation Client<\/strong> (GRC) (Modules : Tiers\/Clients\/Prospects &#8211; Propositions commerciales &#8211; Commandes&#8230;)<\/li><li>Gestion de la <strong>relation Fournisseur<\/strong> (GRF) (Modules : Fournisseurs &#8211; Propositions commerciales&#8230;)<\/li><li><strong>Produits\/Services<\/strong> (PM) (Modules : Produits &#8211; Services &#8211; Stock&#8230;)<\/li><li>F<strong>inance<\/strong>s (Modules : Factures et Avoirs &#8211; Taxes et D\u00e9penses sp\u00e9ciales &#8211; Salaires &#8211; Banques et Caisses&#8230;)<\/li><li><strong>Gestion Electronique de Documents<\/strong><\/li><li>Les <strong>num\u00e9ros de s\u00e9rie<\/strong> (Gestion)<\/li><li>Envoi des documents par<strong> email au format pdf<\/strong> \/ Emails de masse<\/li><li><strong>Compta simplifi\u00e9e<\/strong> \/ Agenda et Ev\u00e8nement \/ Marges \/ Notes de frais \/ Import \/ Export&#8230;<\/li><\/ul>\n\n\n\n<p>Le tableau de bord de Dolibarr<\/p>\n\n\n\n<figure class=\"wp-block-gallery columns-1 is-cropped\"><ul class=\"blocks-gallery-grid\"><li class=\"blocks-gallery-item\"><figure><a href=\"https:\/\/vannsconcept.fr\/wp-content\/uploads\/2020\/09\/Dolibarr-Accueil-1.jpg\"><img loading=\"lazy\" width=\"1024\" height=\"475\" src=\"https:\/\/vannsconcept.fr\/wp-content\/uploads\/2020\/09\/Dolibarr-Accueil-1-1024x475.jpg\" alt=\"\" data-id=\"342\" data-full-url=\"https:\/\/vannsconcept.fr\/wp-content\/uploads\/2020\/09\/Dolibarr-Accueil-1.jpg\" data-link=\"https:\/\/vannsconcept.fr\/index.php\/dolibarr-web-business-suite-erp-crm\/dolibarr-accueil-1\/\" class=\"wp-image-342\" srcset=\"https:\/\/vannsconcept.fr\/wp-content\/uploads\/2020\/09\/Dolibarr-Accueil-1-1024x475.jpg 1024w, https:\/\/vannsconcept.fr\/wp-content\/uploads\/2020\/09\/Dolibarr-Accueil-1-300x139.jpg 300w, https:\/\/vannsconcept.fr\/wp-content\/uploads\/2020\/09\/Dolibarr-Accueil-1-768x356.jpg 768w, https:\/\/vannsconcept.fr\/wp-content\/uploads\/2020\/09\/Dolibarr-Accueil-1-1536x713.jpg 1536w, https:\/\/vannsconcept.fr\/wp-content\/uploads\/2020\/09\/Dolibarr-Accueil-1-600x278.jpg 600w, https:\/\/vannsconcept.fr\/wp-content\/uploads\/2020\/09\/Dolibarr-Accueil-1.jpg 1896w\" sizes=\"(max-width: 1024px) 100vw, 1024px\" \/><\/a><\/figure><\/li><\/ul><\/figure>\n\n\n\n<hr class=\"wp-block-separator\"\/>\n\n\n\n<p class=\"has-text-align-center has-vivid-cyan-blue-color has-text-color has-medium-font-size\"><strong><a href=\"https:\/\/vannsconcept.fr\/index.php\/nos-formules-dolibarr-par-vanns-concept\/\" data-type=\"page\" data-id=\"329\">D\u00e9couvrez nos diff\u00e9rentes formules Dolibarr VannsConcept<\/a><\/strong><\/p>\n\n\n\n<hr class=\"wp-block-separator\"\/>\n\n\n\n<p class=\"has-text-align-center\">Vous pouvez \u00e9galement tester notre version Dolibarr ERP CRM en cliquant sur le lien suivant<\/p>\n\n\n\n<div class=\"wp-container-1 wp-block-buttons aligncenter\">\n<div class=\"wp-block-button\"><a class=\"wp-block-button__link\" href=\"https:\/\/dolidemo.vannsconcept.fr\" target=\"_blank\" rel=\"noreferrer noopener\">Dolibarr D\u00e9monstration<\/a><\/div>\n<\/div>\n\n\n\n<p class=\"has-text-align-center\">Utilisateur : Demo \/ Mot de passe : Demo<\/p>\n","protected":false},"excerpt":{"rendered":"<p>Dolibarr ERP &amp; CRM&nbsp;est un logiciel moderne de gestion de votre activit\u00e9 professionnelle ou associative (contacts, factures, commandes, stocks, agenda, etc&#8230;). C&#8217;est un&nbsp;logiciel libre et gratuit&nbsp;adapt\u00e9 pour les entreprises, auto-entrepreneurs ou association.Vous pouvez&nbsp;l&#8217;installer et l&#8217;utiliser&nbsp;comme une application autonome, ou en ligne sur un serveur mutualis\u00e9 ou d\u00e9di\u00e9 afin d&#8217;y acc\u00e9der depuis n&#8217;importe o\u00f9.Dolibarr est \u00e9galement disponible comme solution pr\u00eate \u00e0 l&#8217;emploi dans des&nbsp;services Cloud. (Source : www.dolibarr.fr) Demandez plus d&#8217;informations &hellip; <\/p>\n","protected":false},"author":1,"featured_media":277,"parent":0,"menu_order":0,"comment_status":"closed","ping_status":"closed","template":"","meta":[],"yoast_head":"<!-- This site is optimized with the Yoast SEO plugin v18.5.1 - https:\/\/yoast.com\/wordpress\/plugins\/seo\/ -->\n<title>Dolibarr &quot;Web Business Suite&quot; ERP\/CRM - Vanns Concept<\/title>\n<meta name=\"description\" content=\"Dolibarr ERP &amp; CRM est un logiciel moderne de gestion de votre activit\u00e9 professionnelle ou associative (contacts, factures, commandes, etc.)\" \/>\n<meta name=\"robots\" content=\"index, follow, max-snippet:-1, max-image-preview:large, max-video-preview:-1\" \/>\n<link rel=\"canonical\" href=\"https:\/\/vannsconcept.fr\/index.php\/dolibarr-web-business-suite-erp-crm\/\" \/>\n<meta property=\"og:locale\" content=\"fr_FR\" \/>\n<meta property=\"og:type\" content=\"article\" \/>\n<meta property=\"og:title\" content=\"Dolibarr &quot;Web Business Suite&quot; ERP\/CRM - Vanns Concept\" \/>\n<meta property=\"og:description\" content=\"Dolibarr ERP &amp; CRM est un logiciel moderne de gestion de votre activit\u00e9 professionnelle ou associative (contacts, factures, commandes, etc.)\" \/>\n<meta property=\"og:url\" content=\"https:\/\/vannsconcept.fr\/index.php\/dolibarr-web-business-suite-erp-crm\/\" \/>\n<meta property=\"og:site_name\" content=\"Vanns Concept\" \/>\n<meta property=\"article:publisher\" content=\"https:\/\/www.facebook.com\/evanns971\" \/>\n<meta property=\"article:modified_time\" content=\"2020-12-09T19:03:32+00:00\" \/>\n<meta property=\"og:image\" content=\"https:\/\/vannsconcept.fr\/wp-content\/uploads\/2019\/07\/stock-1863880_1280.jpg\" \/>\n\t<meta property=\"og:image:width\" content=\"1280\" \/>\n\t<meta property=\"og:image:height\" content=\"853\" \/>\n\t<meta property=\"og:image:type\" content=\"image\/jpeg\" \/>\n<meta name=\"twitter:card\" content=\"summary_large_image\" \/>\n<meta name=\"twitter:label1\" content=\"Dur\u00e9e de lecture estim\u00e9e\" \/>\n\t<meta name=\"twitter:data1\" content=\"3 minutes\" \/>\n<script type=\"application\/ld+json\" class=\"yoast-schema-graph\">{\"@context\":\"https:\/\/schema.org\",\"@graph\":[{\"@type\":\"Organization\",\"@id\":\"https:\/\/vannsconcept.fr\/#organization\",\"name\":\"Vanns Concept\",\"url\":\"https:\/\/vannsconcept.fr\/\",\"sameAs\":[\"https:\/\/www.facebook.com\/evanns971\"],\"logo\":{\"@type\":\"ImageObject\",\"@id\":\"https:\/\/vannsconcept.fr\/#logo\",\"inLanguage\":\"fr-FR\",\"url\":\"https:\/\/vannsconcept.fr\/wp-content\/uploads\/2019\/05\/Logo-VannsConcept-2.png\",\"contentUrl\":\"https:\/\/vannsconcept.fr\/wp-content\/uploads\/2019\/05\/Logo-VannsConcept-2.png\",\"width\":1003,\"height\":540,\"caption\":\"Vanns Concept\"},\"image\":{\"@id\":\"https:\/\/vannsconcept.fr\/#logo\"}},{\"@type\":\"WebSite\",\"@id\":\"https:\/\/vannsconcept.fr\/#website\",\"url\":\"https:\/\/vannsconcept.fr\/\",\"name\":\"Vanns Concept Informatique\",\"description\":\"&quot;Free Technology&quot; (Gwadloup)\",\"publisher\":{\"@id\":\"https:\/\/vannsconcept.fr\/#organization\"},\"potentialAction\":[{\"@type\":\"SearchAction\",\"target\":{\"@type\":\"EntryPoint\",\"urlTemplate\":\"https:\/\/vannsconcept.fr\/?s={search_term_string}\"},\"query-input\":\"required name=search_term_string\"}],\"inLanguage\":\"fr-FR\"},{\"@type\":\"ImageObject\",\"@id\":\"https:\/\/vannsconcept.fr\/index.php\/dolibarr-web-business-suite-erp-crm\/#primaryimage\",\"inLanguage\":\"fr-FR\",\"url\":\"https:\/\/vannsconcept.fr\/wp-content\/uploads\/2019\/07\/stock-1863880_1280.jpg\",\"contentUrl\":\"https:\/\/vannsconcept.fr\/wp-content\/uploads\/2019\/07\/stock-1863880_1280.jpg\",\"width\":1280,\"height\":853},{\"@type\":\"WebPage\",\"@id\":\"https:\/\/vannsconcept.fr\/index.php\/dolibarr-web-business-suite-erp-crm\/#webpage\",\"url\":\"https:\/\/vannsconcept.fr\/index.php\/dolibarr-web-business-suite-erp-crm\/\",\"name\":\"Dolibarr \\\"Web Business Suite\\\" ERP\/CRM - Vanns Concept\",\"isPartOf\":{\"@id\":\"https:\/\/vannsconcept.fr\/#website\"},\"primaryImageOfPage\":{\"@id\":\"https:\/\/vannsconcept.fr\/index.php\/dolibarr-web-business-suite-erp-crm\/#primaryimage\"},\"datePublished\":\"2019-07-10T15:12:28+00:00\",\"dateModified\":\"2020-12-09T19:03:32+00:00\",\"description\":\"Dolibarr ERP & CRM est un logiciel moderne de gestion de votre activit\u00e9 professionnelle ou associative (contacts, factures, commandes, etc.)\",\"breadcrumb\":{\"@id\":\"https:\/\/vannsconcept.fr\/index.php\/dolibarr-web-business-suite-erp-crm\/#breadcrumb\"},\"inLanguage\":\"fr-FR\",\"potentialAction\":[{\"@type\":\"ReadAction\",\"target\":[\"https:\/\/vannsconcept.fr\/index.php\/dolibarr-web-business-suite-erp-crm\/\"]}]},{\"@type\":\"BreadcrumbList\",\"@id\":\"https:\/\/vannsconcept.fr\/index.php\/dolibarr-web-business-suite-erp-crm\/#breadcrumb\",\"itemListElement\":[{\"@type\":\"ListItem\",\"position\":1,\"name\":\"Accueil\",\"item\":\"https:\/\/vannsconcept.fr\/\"},{\"@type\":\"ListItem\",\"position\":2,\"name\":\"Dolibarr &#8220;Web Business Suite&#8221; ERP\/CRM\"}]}]}<\/script>\n<!-- \/ Yoast SEO plugin. -->","yoast_head_json":{"title":"Dolibarr \"Web Business Suite\" ERP\/CRM - Vanns Concept","description":"Dolibarr ERP & CRM est un logiciel moderne de gestion de votre activit\u00e9 professionnelle ou associative (contacts, factures, commandes, etc.)","robots":{"index":"index","follow":"follow","max-snippet":"max-snippet:-1","max-image-preview":"max-image-preview:large","max-video-preview":"max-video-preview:-1"},"canonical":"https:\/\/vannsconcept.fr\/index.php\/dolibarr-web-business-suite-erp-crm\/","og_locale":"fr_FR","og_type":"article","og_title":"Dolibarr \"Web Business Suite\" ERP\/CRM - Vanns Concept","og_description":"Dolibarr ERP & CRM est un logiciel moderne de gestion de votre activit\u00e9 professionnelle ou associative (contacts, factures, commandes, etc.)","og_url":"https:\/\/vannsconcept.fr\/index.php\/dolibarr-web-business-suite-erp-crm\/","og_site_name":"Vanns Concept","article_publisher":"https:\/\/www.facebook.com\/evanns971","article_modified_time":"2020-12-09T19:03:32+00:00","og_image":[{"width":1280,"height":853,"url":"https:\/\/vannsconcept.fr\/wp-content\/uploads\/2019\/07\/stock-1863880_1280.jpg","type":"image\/jpeg"}],"twitter_card":"summary_large_image","twitter_misc":{"Dur\u00e9e de lecture estim\u00e9e":"3 minutes"},"schema":{"@context":"https:\/\/schema.org","@graph":[{"@type":"Organization","@id":"https:\/\/vannsconcept.fr\/#organization","name":"Vanns Concept","url":"https:\/\/vannsconcept.fr\/","sameAs":["https:\/\/www.facebook.com\/evanns971"],"logo":{"@type":"ImageObject","@id":"https:\/\/vannsconcept.fr\/#logo","inLanguage":"fr-FR","url":"https:\/\/vannsconcept.fr\/wp-content\/uploads\/2019\/05\/Logo-VannsConcept-2.png","contentUrl":"https:\/\/vannsconcept.fr\/wp-content\/uploads\/2019\/05\/Logo-VannsConcept-2.png","width":1003,"height":540,"caption":"Vanns Concept"},"image":{"@id":"https:\/\/vannsconcept.fr\/#logo"}},{"@type":"WebSite","@id":"https:\/\/vannsconcept.fr\/#website","url":"https:\/\/vannsconcept.fr\/","name":"Vanns Concept Informatique","description":"&quot;Free Technology&quot; (Gwadloup)","publisher":{"@id":"https:\/\/vannsconcept.fr\/#organization"},"potentialAction":[{"@type":"SearchAction","target":{"@type":"EntryPoint","urlTemplate":"https:\/\/vannsconcept.fr\/?s={search_term_string}"},"query-input":"required name=search_term_string"}],"inLanguage":"fr-FR"},{"@type":"ImageObject","@id":"https:\/\/vannsconcept.fr\/index.php\/dolibarr-web-business-suite-erp-crm\/#primaryimage","inLanguage":"fr-FR","url":"https:\/\/vannsconcept.fr\/wp-content\/uploads\/2019\/07\/stock-1863880_1280.jpg","contentUrl":"https:\/\/vannsconcept.fr\/wp-content\/uploads\/2019\/07\/stock-1863880_1280.jpg","width":1280,"height":853},{"@type":"WebPage","@id":"https:\/\/vannsconcept.fr\/index.php\/dolibarr-web-business-suite-erp-crm\/#webpage","url":"https:\/\/vannsconcept.fr\/index.php\/dolibarr-web-business-suite-erp-crm\/","name":"Dolibarr \"Web Business Suite\" ERP\/CRM - Vanns Concept","isPartOf":{"@id":"https:\/\/vannsconcept.fr\/#website"},"primaryImageOfPage":{"@id":"https:\/\/vannsconcept.fr\/index.php\/dolibarr-web-business-suite-erp-crm\/#primaryimage"},"datePublished":"2019-07-10T15:12:28+00:00","dateModified":"2020-12-09T19:03:32+00:00","description":"Dolibarr ERP & CRM est un logiciel moderne de gestion de votre activit\u00e9 professionnelle ou associative (contacts, factures, commandes, etc.)","breadcrumb":{"@id":"https:\/\/vannsconcept.fr\/index.php\/dolibarr-web-business-suite-erp-crm\/#breadcrumb"},"inLanguage":"fr-FR","potentialAction":[{"@type":"ReadAction","target":["https:\/\/vannsconcept.fr\/index.php\/dolibarr-web-business-suite-erp-crm\/"]}]},{"@type":"BreadcrumbList","@id":"https:\/\/vannsconcept.fr\/index.php\/dolibarr-web-business-suite-erp-crm\/#breadcrumb","itemListElement":[{"@type":"ListItem","position":1,"name":"Accueil","item":"https:\/\/vannsconcept.fr\/"},{"@type":"ListItem","position":2,"name":"Dolibarr &#8220;Web Business Suite&#8221; ERP\/CRM"}]}]}},"_links":{"self":[{"href":"https:\/\/vannsconcept.fr\/index.php\/wp-json\/wp\/v2\/pages\/275"}],"collection":[{"href":"https:\/\/vannsconcept.fr\/index.php\/wp-json\/wp\/v2\/pages"}],"about":[{"href":"https:\/\/vannsconcept.fr\/index.php\/wp-json\/wp\/v2\/types\/page"}],"author":[{"embeddable":true,"href":"https:\/\/vannsconcept.fr\/index.php\/wp-json\/wp\/v2\/users\/1"}],"replies":[{"embeddable":true,"href":"https:\/\/vannsconcept.fr\/index.php\/wp-json\/wp\/v2\/comments?post=275"}],"version-history":[{"count":36,"href":"https:\/\/vannsconcept.fr\/index.php\/wp-json\/wp\/v2\/pages\/275\/revisions"}],"predecessor-version":[{"id":531,"href":"https:\/\/vannsconcept.fr\/index.php\/wp-json\/wp\/v2\/pages\/275\/revisions\/531"}],"wp:featuredmedia":[{"embeddable":true,"href":"https:\/\/vannsconcept.fr\/index.php\/wp-json\/wp\/v2\/media\/277"}],"wp:attachment":[{"href":"https:\/\/vannsconcept.fr\/index.php\/wp-json\/wp\/v2\/media?parent=275"}],"curies":[{"name":"wp","href":"https:\/\/api.w.org\/{rel}","templated":true}]}}