{"id":2,"date":"2019-05-19T20:14:35","date_gmt":"2019-05-19T18:14:35","guid":{"rendered":"http:\/\/localhost:81\/?page_id=2"},"modified":"2019-06-21T00:36:08","modified_gmt":"2019-06-20T22:36:08","slug":"a-propos","status":"publish","type":"page","link":"https:\/\/vannsconcept.fr\/index.php\/a-propos\/","title":{"rendered":"A propos"},"content":{"rendered":"\n<p class=\"has-drop-cap\">En ces temps modernes, nombreux sont ceux qui se laissent dominer par l&#8217;ampleur des nouvelles technologies. En effet, ces outils technologiques font d\u00e9sormais  partie int\u00e9grante de notre vie. Cependant, devons-nous nous laisser submerger dans ce monde o\u00f9 l&#8217;informatique devient plus important que l&#8217;humain lui-m\u00eame ? <\/p>\n\n\n\n<blockquote class=\"wp-block-quote\"><p>Notre but est de vous aider \u00e0 comprendre et \u00e0 d\u00e9couvrir ce que vous pouvez faire dans une certaine mesure avec les outils qui sont \u00e0 notre disposition.  <\/p><\/blockquote>\n","protected":false},"excerpt":{"rendered":"<p>En ces temps modernes, nombreux sont ceux qui se laissent dominer par l&#8217;ampleur des nouvelles technologies. En effet, ces outils technologiques font d\u00e9sormais partie int\u00e9grante de notre vie. Cependant, devons-nous nous laisser submerger dans ce monde o\u00f9 l&#8217;informatique devient plus important que l&#8217;humain lui-m\u00eame ? Notre but est de vous aider \u00e0 comprendre et \u00e0 d\u00e9couvrir ce que vous pouvez faire dans une certaine mesure avec les outils qui sont &hellip; <\/p>\n","protected":false},"author":1,"featured_media":0,"parent":0,"menu_order":0,"comment_status":"closed","ping_status":"open","template":"","meta":[],"yoast_head":"<!-- This site is optimized with the Yoast SEO plugin v18.5.1 - https:\/\/yoast.com\/wordpress\/plugins\/seo\/ -->\n<title>A propos - Vanns Concept<\/title>\n<meta name=\"robots\" content=\"index, follow, max-snippet:-1, max-image-preview:large, max-video-preview:-1\" \/>\n<link rel=\"canonical\" href=\"https:\/\/vannsconcept.fr\/index.php\/a-propos\/\" \/>\n<meta property=\"og:locale\" content=\"fr_FR\" \/>\n<meta property=\"og:type\" content=\"article\" \/>\n<meta property=\"og:title\" content=\"A propos - Vanns Concept\" \/>\n<meta property=\"og:description\" content=\"En ces temps modernes, nombreux sont ceux qui se laissent dominer par l&#8217;ampleur des nouvelles technologies. En effet, ces outils technologiques font d\u00e9sormais partie int\u00e9grante de notre vie. Cependant, devons-nous nous laisser submerger dans ce monde o\u00f9 l&#8217;informatique devient plus important que l&#8217;humain lui-m\u00eame ? Notre but est de vous aider \u00e0 comprendre et \u00e0 d\u00e9couvrir ce que vous pouvez faire dans une certaine mesure avec les outils qui sont &hellip;\" \/>\n<meta property=\"og:url\" content=\"https:\/\/vannsconcept.fr\/index.php\/a-propos\/\" \/>\n<meta property=\"og:site_name\" content=\"Vanns Concept\" \/>\n<meta property=\"article:publisher\" content=\"https:\/\/www.facebook.com\/evanns971\" \/>\n<meta property=\"article:modified_time\" content=\"2019-06-20T22:36:08+00:00\" \/>\n<meta name=\"twitter:card\" content=\"summary_large_image\" \/>\n<script type=\"application\/ld+json\" class=\"yoast-schema-graph\">{\"@context\":\"https:\/\/schema.org\",\"@graph\":[{\"@type\":\"Organization\",\"@id\":\"https:\/\/vannsconcept.fr\/#organization\",\"name\":\"Vanns Concept\",\"url\":\"https:\/\/vannsconcept.fr\/\",\"sameAs\":[\"https:\/\/www.facebook.com\/evanns971\"],\"logo\":{\"@type\":\"ImageObject\",\"@id\":\"https:\/\/vannsconcept.fr\/#logo\",\"inLanguage\":\"fr-FR\",\"url\":\"https:\/\/vannsconcept.fr\/wp-content\/uploads\/2019\/05\/Logo-VannsConcept-2.png\",\"contentUrl\":\"https:\/\/vannsconcept.fr\/wp-content\/uploads\/2019\/05\/Logo-VannsConcept-2.png\",\"width\":1003,\"height\":540,\"caption\":\"Vanns Concept\"},\"image\":{\"@id\":\"https:\/\/vannsconcept.fr\/#logo\"}},{\"@type\":\"WebSite\",\"@id\":\"https:\/\/vannsconcept.fr\/#website\",\"url\":\"https:\/\/vannsconcept.fr\/\",\"name\":\"Vanns Concept Informatique\",\"description\":\"&quot;Free Technology&quot; (Gwadloup)\",\"publisher\":{\"@id\":\"https:\/\/vannsconcept.fr\/#organization\"},\"potentialAction\":[{\"@type\":\"SearchAction\",\"target\":{\"@type\":\"EntryPoint\",\"urlTemplate\":\"https:\/\/vannsconcept.fr\/?s={search_term_string}\"},\"query-input\":\"required name=search_term_string\"}],\"inLanguage\":\"fr-FR\"},{\"@type\":\"WebPage\",\"@id\":\"https:\/\/vannsconcept.fr\/index.php\/a-propos\/#webpage\",\"url\":\"https:\/\/vannsconcept.fr\/index.php\/a-propos\/\",\"name\":\"A propos - Vanns Concept\",\"isPartOf\":{\"@id\":\"https:\/\/vannsconcept.fr\/#website\"},\"datePublished\":\"2019-05-19T18:14:35+00:00\",\"dateModified\":\"2019-06-20T22:36:08+00:00\",\"breadcrumb\":{\"@id\":\"https:\/\/vannsconcept.fr\/index.php\/a-propos\/#breadcrumb\"},\"inLanguage\":\"fr-FR\",\"potentialAction\":[{\"@type\":\"ReadAction\",\"target\":[\"https:\/\/vannsconcept.fr\/index.php\/a-propos\/\"]}]},{\"@type\":\"BreadcrumbList\",\"@id\":\"https:\/\/vannsconcept.fr\/index.php\/a-propos\/#breadcrumb\",\"itemListElement\":[{\"@type\":\"ListItem\",\"position\":1,\"name\":\"Accueil\",\"item\":\"https:\/\/vannsconcept.fr\/\"},{\"@type\":\"ListItem\",\"position\":2,\"name\":\"A propos\"}]}]}<\/script>\n<!-- \/ Yoast SEO plugin. -->","yoast_head_json":{"title":"A propos - Vanns Concept","robots":{"index":"index","follow":"follow","max-snippet":"max-snippet:-1","max-image-preview":"max-image-preview:large","max-video-preview":"max-video-preview:-1"},"canonical":"https:\/\/vannsconcept.fr\/index.php\/a-propos\/","og_locale":"fr_FR","og_type":"article","og_title":"A propos - Vanns Concept","og_description":"En ces temps modernes, nombreux sont ceux qui se laissent dominer par l&#8217;ampleur des nouvelles technologies. En effet, ces outils technologiques font d\u00e9sormais partie int\u00e9grante de notre vie. Cependant, devons-nous nous laisser submerger dans ce monde o\u00f9 l&#8217;informatique devient plus important que l&#8217;humain lui-m\u00eame ? Notre but est de vous aider \u00e0 comprendre et \u00e0 d\u00e9couvrir ce que vous pouvez faire dans une certaine mesure avec les outils qui sont &hellip;","og_url":"https:\/\/vannsconcept.fr\/index.php\/a-propos\/","og_site_name":"Vanns Concept","article_publisher":"https:\/\/www.facebook.com\/evanns971","article_modified_time":"2019-06-20T22:36:08+00:00","twitter_card":"summary_large_image","schema":{"@context":"https:\/\/schema.org","@graph":[{"@type":"Organization","@id":"https:\/\/vannsconcept.fr\/#organization","name":"Vanns Concept","url":"https:\/\/vannsconcept.fr\/","sameAs":["https:\/\/www.facebook.com\/evanns971"],"logo":{"@type":"ImageObject","@id":"https:\/\/vannsconcept.fr\/#logo","inLanguage":"fr-FR","url":"https:\/\/vannsconcept.fr\/wp-content\/uploads\/2019\/05\/Logo-VannsConcept-2.png","contentUrl":"https:\/\/vannsconcept.fr\/wp-content\/uploads\/2019\/05\/Logo-VannsConcept-2.png","width":1003,"height":540,"caption":"Vanns Concept"},"image":{"@id":"https:\/\/vannsconcept.fr\/#logo"}},{"@type":"WebSite","@id":"https:\/\/vannsconcept.fr\/#website","url":"https:\/\/vannsconcept.fr\/","name":"Vanns Concept Informatique","description":"&quot;Free Technology&quot; (Gwadloup)","publisher":{"@id":"https:\/\/vannsconcept.fr\/#organization"},"potentialAction":[{"@type":"SearchAction","target":{"@type":"EntryPoint","urlTemplate":"https:\/\/vannsconcept.fr\/?s={search_term_string}"},"query-input":"required name=search_term_string"}],"inLanguage":"fr-FR"},{"@type":"WebPage","@id":"https:\/\/vannsconcept.fr\/index.php\/a-propos\/#webpage","url":"https:\/\/vannsconcept.fr\/index.php\/a-propos\/","name":"A propos - Vanns Concept","isPartOf":{"@id":"https:\/\/vannsconcept.fr\/#website"},"datePublished":"2019-05-19T18:14:35+00:00","dateModified":"2019-06-20T22:36:08+00:00","breadcrumb":{"@id":"https:\/\/vannsconcept.fr\/index.php\/a-propos\/#breadcrumb"},"inLanguage":"fr-FR","potentialAction":[{"@type":"ReadAction","target":["https:\/\/vannsconcept.fr\/index.php\/a-propos\/"]}]},{"@type":"BreadcrumbList","@id":"https:\/\/vannsconcept.fr\/index.php\/a-propos\/#breadcrumb","itemListElement":[{"@type":"ListItem","position":1,"name":"Accueil","item":"https:\/\/vannsconcept.fr\/"},{"@type":"ListItem","position":2,"name":"A propos"}]}]}},"_links":{"self":[{"href":"https:\/\/vannsconcept.fr\/index.php\/wp-json\/wp\/v2\/pages\/2"}],"collection":[{"href":"https:\/\/vannsconcept.fr\/index.php\/wp-json\/wp\/v2\/pages"}],"about":[{"href":"https:\/\/vannsconcept.fr\/index.php\/wp-json\/wp\/v2\/types\/page"}],"author":[{"embeddable":true,"href":"https:\/\/vannsconcept.fr\/index.php\/wp-json\/wp\/v2\/users\/1"}],"replies":[{"embeddable":true,"href":"https:\/\/vannsconcept.fr\/index.php\/wp-json\/wp\/v2\/comments?post=2"}],"version-history":[{"count":6,"href":"https:\/\/vannsconcept.fr\/index.php\/wp-json\/wp\/v2\/pages\/2\/revisions"}],"predecessor-version":[{"id":200,"href":"https:\/\/vannsconcept.fr\/index.php\/wp-json\/wp\/v2\/pages\/2\/revisions\/200"}],"wp:attachment":[{"href":"https:\/\/vannsconcept.fr\/index.php\/wp-json\/wp\/v2\/media?parent=2"}],"curies":[{"name":"wp","href":"https:\/\/api.w.org\/{rel}","templated":true}]}}